{"id":9,"date":"2021-07-05T08:46:09","date_gmt":"2021-07-05T05:46:09","guid":{"rendered":"https:\/\/toslita.lt\/?page_id=9"},"modified":"2021-07-22T10:08:35","modified_gmt":"2021-07-22T07:08:35","slug":"titulinis","status":"publish","type":"page","link":"https:\/\/toslita.lt\/lt\/","title":{"rendered":"Titulinis"},"content":{"rendered":"<section class=\"l-section wpb_row height_auto full_height valign_center\" id=\"pradzia\"><div class=\"l-section-h i-cf\"><div class=\"g-cols via_flex valign_middle type_default\"><div class=\"vc_col-sm-6 wpb_column vc_column_container\"><div class=\"vc_column-inner\"><div class=\"wpb_wrapper\"><div class=\"g-cols wpb_row us_custom_ce3ede7c via_flex valign_top type_default\"><div class=\"vc_col-sm-12 wpb_column vc_column_container us_animate_afb\"><div class=\"vc_column-inner\"><div class=\"wpb_wrapper\"><div class=\"wpb_text_column us_custom_b112f0d1\"><div class=\"wpb_wrapper\"><h1>Tarptautiniai krovini\u0173 perve\u017eimai Europoje<\/h1>\n<\/div><\/div><\/div><\/div><\/div><\/div><div class=\"g-cols wpb_row us_custom_fac47612 via_flex valign_top type_default\"><div class=\"vc_col-sm-12 wpb_column vc_column_container us_animate_afb\" style=\"animation-delay:0.2s\"><div class=\"vc_column-inner\"><div class=\"wpb_wrapper\"><div class=\"wpb_text_column us_custom_93625b94\"><div class=\"wpb_wrapper\"><p>UAB Toslita s\u0117kmingai veikianti privataus kapitalo \u012fmon\u0117, u\u017esiimanti krovini\u0173 perve\u017eimu tarptautiniais mar\u0161rutais.<\/p>\n<\/div><\/div><\/div><\/div><\/div><\/div><div class=\"w-separator size_small\"><\/div><div class=\"g-cols wpb_row via_flex valign_top type_default\"><div class=\"vc_col-sm-12 wpb_column vc_column_container us_animate_afb\" style=\"animation-delay:0.4s\"><div class=\"vc_column-inner\"><div class=\"wpb_wrapper\"><div class=\"w-hwrapper align_none valign_middle wrap\" style=\"--hwrapper-gap:1rem\"><div class=\"w-btn-wrapper align_none\"><a class=\"w-btn us-btn-style_8 apie-mus-btn icon_atright\" title=\"Apie mus\" href=\"#apie-mus\"><span class=\"w-btn-label\">Pla\u010diau<\/span><i class=\"fas fa-angle-right\"><\/i><\/a><\/div><div class=\"w-btn-wrapper align_none\"><a class=\"w-btn us-btn-style_10 apie-mus-btn\" title=\"Apie mus\" href=\"#kontaktai\"><span class=\"w-btn-label\">Kontaktai<\/span><\/a><\/div><\/div><\/div><\/div><\/div><\/div><div class=\"w-separator size_custom\" style=\"height:100px\" id=\"k655\"><style>@media(max-width:600px){ #k655{height:80px!important}}<\/style><\/div><\/div><\/div><\/div><div class=\"vc_col-sm-6 wpb_column vc_column_container stretched\"><div class=\"vc_column-inner\"><div class=\"wpb_wrapper\"><div class=\"w-image us_custom_cec3bad0 us_animate_this align_none\"><div class=\"w-image-h\"><img decoding=\"async\" src=\"https:\/\/toslita.lt\/wp-content\/uploads\/2021\/07\/Toslita-iliustracija-logistics.svg\" class=\"attachment-full size-full\" alt=\"\" \/><\/div><\/div><\/div><\/div><\/div><\/div><\/div><\/section><section class=\"l-section wpb_row height_small width_full\" id=\"apie-mus\"><div class=\"l-section-h i-cf\"><div class=\"g-cols via_flex valign_top type_default reversed\"><div class=\"vc_col-sm-6 wpb_column vc_column_container\"><div class=\"vc_column-inner\"><div class=\"wpb_wrapper\"><div class=\"w-image us_custom_e90bd308 komandos-nuotrauka align_none\"><div class=\"w-image-h\"><img loading=\"lazy\" decoding=\"async\" width=\"1500\" height=\"1000\" src=\"https:\/\/toslita.lt\/wp-content\/uploads\/2021\/07\/Toslita-apie-mus-bg.jpg\" class=\"attachment-full size-full\" alt=\"\" srcset=\"https:\/\/toslita.lt\/wp-content\/uploads\/2021\/07\/Toslita-apie-mus-bg.jpg 1500w, https:\/\/toslita.lt\/wp-content\/uploads\/2021\/07\/Toslita-apie-mus-bg-300x200.jpg 300w, https:\/\/toslita.lt\/wp-content\/uploads\/2021\/07\/Toslita-apie-mus-bg-1024x683.jpg 1024w, https:\/\/toslita.lt\/wp-content\/uploads\/2021\/07\/Toslita-apie-mus-bg-720x480.jpg 720w\" sizes=\"auto, (max-width: 1500px) 100vw, 1500px\" \/><\/div><\/div><\/div><\/div><\/div><div class=\"vc_col-sm-6 wpb_column vc_column_container us_animate_afr\"><div class=\"vc_column-inner\"><div class=\"wpb_wrapper\"><div class=\"g-cols wpb_row us_custom_b2ae9d21 apie-mus-row via_flex valign_top type_default\"><div class=\"vc_col-sm-12 wpb_column vc_column_container\"><div class=\"vc_column-inner\"><div class=\"wpb_wrapper\"><div class=\"w-separator size_custom\" style=\"height:20px\" id=\"wc59\"><style>@media(max-width:1024px){ #wc59{height:30px!important}}@media(max-width:600px){ #wc59{height:40px!important}}<\/style><\/div><div class=\"wpb_text_column us_custom_b112f0d1\"><div class=\"wpb_wrapper\"><h1>Apie mus<\/h1>\n<\/div><\/div><div class=\"w-separator us_custom_a5cde66d size_custom with_line width_30 thick_3 style_solid color_primary align_left\" style=\"height:25px\"><div class=\"w-separator-h\"><\/div><\/div><div class=\"w-separator size_small\"><\/div><div class=\"wpb_text_column us_custom_ea76afbe justify\"><div class=\"wpb_wrapper\"><p>UAB Toslita spar\u010diai besiple\u010dianti organizacija, kurios darbo principai ir pl\u0117tra yra paremti verslo etika ir \u012fmon\u0117s vertyb\u0117mis. Ai\u0161ki pl\u0117tros strategija, greiti ir efektyv\u016bs verslo valdymo sprendimai u\u017etikrina darbuotojams ilgalaik\u012f ir stabil\u0173 darb\u0105, galimyb\u0119 realizuoti savo id\u0117jas ir siekti karjeros.<\/p>\n<p>Kiekvienas siekiame rezultat\u0173 pirmiausia atsi\u017evelgdami \u012f komandinius tikslus, pagalba kolegoms ir santykius tarp \u017emoni\u0173. Tur\u0117dami ai\u0161kius veiklos tikslus ir kiekvienas b\u016bdami atsakingi u\u017e visos komandos darbo rezultatus, mes siekiame bendros \u012fmon\u0117s gerov\u0117s.<\/p>\n<p>Keliame sau tikslus siekti profesionalumo, tod\u0117l stengiam\u0117s tobul\u0117ti, taisyti savo klaidas ir puosel\u0117ti stiprybes.<\/p>\n<\/div><\/div><div class=\"w-btn-wrapper align_none\"><a class=\"w-btn us-btn-style_8 us_custom_c9b8b122 apie-mus-btn icon_atright\" title=\"Apie mus\" href=\"#paslaugos\"><span class=\"w-btn-label\">M\u016bs\u0173 paslaugos<\/span><i class=\"fas fa-angle-right\"><\/i><\/a><\/div><\/div><\/div><\/div><\/div><\/div><\/div><\/div><\/div><\/div><\/section><section class=\"l-section wpb_row height_small\" id=\"paslaugos\"><div class=\"l-section-h i-cf\"><div class=\"g-cols via_flex valign_top type_default\"><div class=\"vc_col-sm-12 wpb_column vc_column_container\"><div class=\"vc_column-inner\"><div class=\"wpb_wrapper\"><div class=\"wpb_text_column us_custom_0899b7cd\"><div class=\"wpb_wrapper\"><h2>M\u016bs\u0173 paslaugos<\/h2>\n<\/div><\/div><div class=\"w-separator us_custom_8f8c1de0 size_custom with_line width_30 thick_3 style_solid color_secondary align_left\" style=\"height:25px\"><div class=\"w-separator-h\"><\/div><\/div><div class=\"w-separator size_custom\" style=\"height:32px\"><\/div><div class=\"wpb_text_column us_custom_432d3f53\"><div class=\"wpb_wrapper\"><p>Transporto kompanija Toslita nuo 2010m, Europos s\u0105jungos viduje, krovinius perve\u017ea \u012fvairiais mar\u0161rutais. Krovini\u0173 perve\u017eim\u0105 prad\u0117jome nuo Danijos ir Vokietijos, bet su metais geografija pl\u0117t\u0117si. Pagrindin\u0117s kryptis Danija, Vokietija, Belgija, Olandija, Liuksemburgas, Austrija, Pranc\u016bzija, Lietuva ir kt. Europos s\u0105jungos \u0161alys. Nebeapsiribojame tik standartini\u0173 ar piln\u0173 krovini\u0173 perve\u017eimu. Gabename \u012fvairios paskirties krovinius, kuri\u0173 ve\u017eimas reikalauja papildomos prie\u017ei\u016bros ir d\u0117mesio. Piln\u0173 ir dalini\u0173 krovini\u0173 perve\u017eimas m\u016bs\u0173 kasdieninis darbas.<\/p>\n<\/div><\/div><div class=\"w-separator size_custom\" style=\"height:20px\"><\/div><div class=\"w-hwrapper align_none valign_top wrap\" style=\"--hwrapper-gap:2.5rem\"><div class=\"wpb_text_column toslita-paslauga\"><div class=\"wpb_wrapper\"><p>Krovini\u0173 perve\u017eimas<\/p>\n<\/div><\/div><div class=\"wpb_text_column toslita-paslauga\"><div class=\"wpb_wrapper\"><p>Daliniu krovini\u0173 perve\u017eimas<\/p>\n<\/div><\/div><div class=\"wpb_text_column toslita-paslauga\"><div class=\"wpb_wrapper\"><p>Tarptautiniu krovini\u0173 perve\u017eimas<\/p>\n<\/div><\/div><div class=\"wpb_text_column toslita-paslauga\"><div class=\"wpb_wrapper\"><p>Metalo krovini\u0173 perve\u017eimas<\/p>\n<\/div><\/div><div class=\"wpb_text_column toslita-paslauga\"><div class=\"wpb_wrapper\"><p>Perdirbto popieriaus perve\u017eimas<\/p>\n<\/div><\/div><\/div><div class=\"w-separator size_custom\" style=\"height:32px\"><\/div><\/div><\/div><\/div><\/div><\/div><\/section><section class=\"l-section wpb_row us_custom_6270d634 height_huge has_text_color with_img parallax_ver\"><div class=\"l-section-img\" style=\"background-image: url(https:\/\/toslita.lt\/wp-content\/uploads\/2021\/07\/Toslita-bg.jpg);background-position: top center;background-repeat: no-repeat;\" data-img-width=\"1920\" data-img-height=\"575\"><\/div><div class=\"l-section-overlay\" style=\"background:rgba(0,0,0,0.50)\"><\/div><div class=\"l-section-h i-cf\"><div class=\"g-cols via_flex valign_top type_default\"><div class=\"vc_col-sm-12 wpb_column vc_column_container\"><div class=\"vc_column-inner\"><div class=\"wpb_wrapper\"><div class=\"g-cols wpb_row us_custom_7204549f via_flex valign_top type_default\"><div class=\"vc_col-sm-3 wpb_column vc_column_container\"><div class=\"vc_column-inner\"><div class=\"wpb_wrapper\"><div class=\"w-counter us_custom_695d6eff color_text align_center\" data-duration=\"2000\"><div class=\"w-counter-value\"><span class=\"w-counter-value-part type_text\" data-final=\"\"><\/span><span class=\"w-counter-value-part type_number\" data-final=\"10\">1<\/span><span class=\"w-counter-value-part type_text\" data-final=\"+\"><\/span><\/div><h6 class=\"w-counter-title\">Met\u0173 patirtis<\/h6><\/div><\/div><\/div><\/div><div class=\"vc_col-sm-3 wpb_column vc_column_container\"><div class=\"vc_column-inner\"><div class=\"wpb_wrapper\"><div class=\"w-counter us_custom_695d6eff color_text align_center\" data-duration=\"2000\"><div class=\"w-counter-value\"><span class=\"w-counter-value-part type_text\" data-final=\"\"><\/span><span class=\"w-counter-value-part type_number\" data-final=\"1,5\">1<\/span><span class=\"w-counter-value-part type_text\" data-final=\"+\"><\/span><\/div><h6 class=\"w-counter-title\">Nuva\u017eiuota mln. kilometr\u0173 per metus<\/h6><\/div><\/div><\/div><\/div><div class=\"vc_col-sm-3 wpb_column vc_column_container\"><div class=\"vc_column-inner\"><div class=\"wpb_wrapper\"><div class=\"w-counter us_custom_695d6eff color_text align_center\" data-duration=\"2000\"><div class=\"w-counter-value\"><span class=\"w-counter-value-part type_text\" data-final=\"\"><\/span><span class=\"w-counter-value-part type_number\" data-final=\"3000\">1<\/span><span class=\"w-counter-value-part type_text\" data-final=\"+\"><\/span><\/div><h6 class=\"w-counter-title\">Pristatyt\u0173 krovini\u0173<br \/>\nper metus<\/h6><\/div><\/div><\/div><\/div><div class=\"vc_col-sm-3 wpb_column vc_column_container\"><div class=\"vc_column-inner\"><div class=\"wpb_wrapper\"><div class=\"w-counter us_custom_695d6eff color_text align_center\" data-duration=\"2000\"><div class=\"w-counter-value\"><span class=\"w-counter-value-part type_text\" data-final=\"\"><\/span><span class=\"w-counter-value-part type_number\" data-final=\"1500\">1<\/span><span class=\"w-counter-value-part type_text\" data-final=\"+\"><\/span><\/div><h6 class=\"w-counter-title\">Patenkint\u0173 klient\u0173<\/h6><\/div><\/div><\/div><\/div><\/div><\/div><\/div><\/div><\/div><\/div><\/section><section class=\"l-section wpb_row us_custom_38d68270 height_small\" id=\"karjera\"><div class=\"l-section-h i-cf\"><div class=\"g-cols via_flex valign_top type_default\"><div class=\"vc_col-sm-12 wpb_column vc_column_container\"><div class=\"vc_column-inner\"><div class=\"wpb_wrapper\"><div class=\"wpb_text_column us_custom_0899b7cd\"><div class=\"wpb_wrapper\"><h2>Karjera<\/h2>\n<\/div><\/div><div class=\"w-separator us_custom_8f8c1de0 size_custom with_line width_30 thick_3 style_solid color_secondary align_left\" style=\"height:25px\"><div class=\"w-separator-h\"><\/div><\/div><div class=\"w-separator size_custom\" style=\"height:32px\"><\/div><div class=\"wpb_text_column us_custom_432d3f53\"><div class=\"wpb_wrapper\"><p><strong>Darbuotojai<\/strong> \u2013 pagrindinis ir svarbiausias <strong>Toslita \u012fmon\u0117s turtas<\/strong>. J\u0173 profesionalumo ir atsidavimo d\u0117ka \u012fmon\u0117 nuolat auga, pasiekdama vis geresnius rezultatus. Stengiam\u0117s kiekvienam savo komandos nariui suteikti vienodas galimybes tobul\u0117ti ir tur\u0117ti geriausias darbo s\u0105lygas. Vienas i\u0161 m\u016bs\u0173 s\u0117km\u0117s veiksni\u0173 yra bendradarbiavimas, atviras dalinimasis informacija, bendro tikslo supratimas ir siekimas<\/p>\n<p>Jei J\u016bs norite sieti savo ateit\u012f su tarptautini\u0173 perve\u017eim\u0173 ir logistikos sritimi, UAB Toslita yra darbdavys, kur gal\u0117site s\u0117kmingai realizuoti savo norus ir galimybes. Mes ie\u0161kome darbuotoj\u0173, kurie dirba atsi\u017evelgdami \u012f auk\u0161tus veiklos standartus ir darbo etik\u0105, operatyviai reaguoja \u012f kliento poreikius ir prisiima atsakomyb\u0119 u\u017e savo veiksmus.<br \/>\n<strong>Atsi\u0173skite savo CV<\/strong> el. pa\u0161tu <a href=\"mailto:info@toslita.lt\">info@toslita.lt<\/a> ir esant galimybei su Jumis b\u016btinai susisieksime ir pasikviesime pokalbiui<\/p>\n<\/div><\/div><div class=\"w-separator size_custom\" style=\"height:32px\"><\/div><\/div><\/div><\/div><\/div><\/div><\/section><section class=\"l-section wpb_row height_small\" id=\"partneriai\"><div class=\"l-section-h i-cf\"><div class=\"g-cols via_flex valign_top type_default\"><div class=\"vc_col-sm-12 wpb_column vc_column_container\"><div class=\"vc_column-inner\"><div class=\"wpb_wrapper\"><div class=\"wpb_text_column us_custom_0899b7cd\"><div class=\"wpb_wrapper\"><h2>Partneriai<\/h2>\n<\/div><\/div><div class=\"w-separator us_custom_8f8c1de0 size_custom with_line width_30 thick_3 style_solid color_secondary align_left\" style=\"height:25px\"><div class=\"w-separator-h\"><\/div><\/div><div class=\"w-grid us_custom_eb849559 type_carousel layout_265 cols_5 valign_center\" id=\"us_grid_1\"><style>#us_grid_1 .w-grid-item{padding:1.5rem}#us_grid_1 .w-grid-list{margin:-1.5rem}.w-grid + #us_grid_1 .w-grid-list{margin-top:1.5rem}.layout_265 .w-grid-item-h{}<\/style><div class=\"w-grid-list owl-carousel navstyle_circle navpos_outside\" style=\"--arrows-size:1.8rem;\">\t<article class=\"w-grid-item post-267 attachment type-attachment status-inherit hentry\" data-id=\"267\">\r\n\t\t<div class=\"w-grid-item-h\">\r\n\t\t\t\t\t\t<div class=\"w-hwrapper usg_hwrapper_1 align_left valign_middle\"><div class=\"w-post-elm post_image usg_post_image_1 stretched\"><img loading=\"lazy\" decoding=\"async\" width=\"1210\" height=\"417\" src=\"https:\/\/toslita.lt\/wp-content\/uploads\/2021\/07\/dhl.png\" class=\"attachment-full size-full\" alt=\"\" srcset=\"https:\/\/toslita.lt\/wp-content\/uploads\/2021\/07\/dhl.png 1210w, https:\/\/toslita.lt\/wp-content\/uploads\/2021\/07\/dhl-300x103.png 300w, https:\/\/toslita.lt\/wp-content\/uploads\/2021\/07\/dhl-1024x353.png 1024w, https:\/\/toslita.lt\/wp-content\/uploads\/2021\/07\/dhl-720x248.png 720w\" sizes=\"auto, (max-width: 1210px) 100vw, 1210px\" \/><\/div><\/div>\t\t<\/div>\r\n\t<\/article>\r\n\t<article class=\"w-grid-item post-292 attachment type-attachment status-inherit hentry\" data-id=\"292\">\r\n\t\t<div class=\"w-grid-item-h\">\r\n\t\t\t\t\t\t<div class=\"w-hwrapper usg_hwrapper_1 align_left valign_middle\"><div class=\"w-post-elm post_image usg_post_image_1 stretched\"><img loading=\"lazy\" decoding=\"async\" width=\"400\" height=\"122\" src=\"https:\/\/toslita.lt\/wp-content\/uploads\/2021\/07\/partner-DSV.png\" class=\"attachment-full size-full\" alt=\"\" srcset=\"https:\/\/toslita.lt\/wp-content\/uploads\/2021\/07\/partner-DSV.png 400w, https:\/\/toslita.lt\/wp-content\/uploads\/2021\/07\/partner-DSV-300x92.png 300w\" sizes=\"auto, (max-width: 400px) 100vw, 400px\" \/><\/div><\/div>\t\t<\/div>\r\n\t<\/article>\r\n\t<article class=\"w-grid-item post-278 attachment type-attachment status-inherit hentry\" data-id=\"278\">\r\n\t\t<div class=\"w-grid-item-h\">\r\n\t\t\t\t\t\t<div class=\"w-hwrapper usg_hwrapper_1 align_left valign_middle\"><div class=\"w-post-elm post_image usg_post_image_1 stretched\"><img loading=\"lazy\" decoding=\"async\" width=\"200\" height=\"200\" src=\"https:\/\/toslita.lt\/wp-content\/uploads\/2021\/07\/schenker.jpg\" class=\"attachment-full size-full\" alt=\"\" srcset=\"https:\/\/toslita.lt\/wp-content\/uploads\/2021\/07\/schenker.jpg 200w, https:\/\/toslita.lt\/wp-content\/uploads\/2021\/07\/schenker-150x150.jpg 150w\" sizes=\"auto, (max-width: 200px) 100vw, 200px\" \/><\/div><\/div>\t\t<\/div>\r\n\t<\/article>\r\n\t<article class=\"w-grid-item post-273 attachment type-attachment status-inherit hentry\" data-id=\"273\">\r\n\t\t<div class=\"w-grid-item-h\">\r\n\t\t\t\t\t\t<div class=\"w-hwrapper usg_hwrapper_1 align_left valign_middle\"><div class=\"w-post-elm post_image usg_post_image_1 stretched\"><img loading=\"lazy\" decoding=\"async\" width=\"1440\" height=\"700\" src=\"https:\/\/toslita.lt\/wp-content\/uploads\/2021\/07\/geodis.jpg\" class=\"attachment-full size-full\" alt=\"\" srcset=\"https:\/\/toslita.lt\/wp-content\/uploads\/2021\/07\/geodis.jpg 1440w, https:\/\/toslita.lt\/wp-content\/uploads\/2021\/07\/geodis-300x146.jpg 300w, https:\/\/toslita.lt\/wp-content\/uploads\/2021\/07\/geodis-1024x498.jpg 1024w, https:\/\/toslita.lt\/wp-content\/uploads\/2021\/07\/geodis-720x350.jpg 720w\" sizes=\"auto, (max-width: 1440px) 100vw, 1440px\" \/><\/div><\/div>\t\t<\/div>\r\n\t<\/article>\r\n\t<article class=\"w-grid-item post-277 attachment type-attachment status-inherit hentry\" data-id=\"277\">\r\n\t\t<div class=\"w-grid-item-h\">\r\n\t\t\t\t\t\t<div class=\"w-hwrapper usg_hwrapper_1 align_left valign_middle\"><div class=\"w-post-elm post_image usg_post_image_1 stretched\"><img loading=\"lazy\" decoding=\"async\" width=\"1200\" height=\"630\" src=\"https:\/\/toslita.lt\/wp-content\/uploads\/2021\/07\/rhenus.jpg\" class=\"attachment-full size-full\" alt=\"\" srcset=\"https:\/\/toslita.lt\/wp-content\/uploads\/2021\/07\/rhenus.jpg 1200w, https:\/\/toslita.lt\/wp-content\/uploads\/2021\/07\/rhenus-300x158.jpg 300w, https:\/\/toslita.lt\/wp-content\/uploads\/2021\/07\/rhenus-1024x538.jpg 1024w, https:\/\/toslita.lt\/wp-content\/uploads\/2021\/07\/rhenus-720x378.jpg 720w\" sizes=\"auto, (max-width: 1200px) 100vw, 1200px\" \/><\/div><\/div>\t\t<\/div>\r\n\t<\/article>\r\n\t<article class=\"w-grid-item post-274 attachment type-attachment status-inherit hentry\" data-id=\"274\">\r\n\t\t<div class=\"w-grid-item-h\">\r\n\t\t\t\t\t\t<div class=\"w-hwrapper usg_hwrapper_1 align_left valign_middle\"><div class=\"w-post-elm post_image usg_post_image_1 stretched\"><img loading=\"lazy\" decoding=\"async\" width=\"700\" height=\"600\" src=\"https:\/\/toslita.lt\/wp-content\/uploads\/2021\/07\/hellmann.jpg\" class=\"attachment-full size-full\" alt=\"\" srcset=\"https:\/\/toslita.lt\/wp-content\/uploads\/2021\/07\/hellmann.jpg 700w, https:\/\/toslita.lt\/wp-content\/uploads\/2021\/07\/hellmann-300x257.jpg 300w\" sizes=\"auto, (max-width: 700px) 100vw, 700px\" \/><\/div><\/div>\t\t<\/div>\r\n\t<\/article>\r\n\t<article class=\"w-grid-item post-275 attachment type-attachment status-inherit hentry\" data-id=\"275\">\r\n\t\t<div class=\"w-grid-item-h\">\r\n\t\t\t\t\t\t<div class=\"w-hwrapper usg_hwrapper_1 align_left valign_middle\"><div class=\"w-post-elm post_image usg_post_image_1 stretched\"><img loading=\"lazy\" decoding=\"async\" width=\"1594\" height=\"847\" src=\"https:\/\/toslita.lt\/wp-content\/uploads\/2021\/07\/Kuehne.jpeg\" class=\"attachment-full size-full\" alt=\"\" srcset=\"https:\/\/toslita.lt\/wp-content\/uploads\/2021\/07\/Kuehne.jpeg 1594w, https:\/\/toslita.lt\/wp-content\/uploads\/2021\/07\/Kuehne-300x159.jpeg 300w, https:\/\/toslita.lt\/wp-content\/uploads\/2021\/07\/Kuehne-1024x544.jpeg 1024w, https:\/\/toslita.lt\/wp-content\/uploads\/2021\/07\/Kuehne-720x383.jpeg 720w\" sizes=\"auto, (max-width: 1594px) 100vw, 1594px\" \/><\/div><\/div>\t\t<\/div>\r\n\t<\/article>\r\n\t<article class=\"w-grid-item post-271 attachment type-attachment status-inherit hentry\" data-id=\"271\">\r\n\t\t<div class=\"w-grid-item-h\">\r\n\t\t\t\t\t\t<div class=\"w-hwrapper usg_hwrapper_1 align_left valign_middle\"><div class=\"w-post-elm post_image usg_post_image_1 stretched\"><img loading=\"lazy\" decoding=\"async\" width=\"400\" height=\"400\" src=\"https:\/\/toslita.lt\/wp-content\/uploads\/2021\/07\/gefco.jpg\" class=\"attachment-full size-full\" alt=\"\" srcset=\"https:\/\/toslita.lt\/wp-content\/uploads\/2021\/07\/gefco.jpg 400w, https:\/\/toslita.lt\/wp-content\/uploads\/2021\/07\/gefco-300x300.jpg 300w, https:\/\/toslita.lt\/wp-content\/uploads\/2021\/07\/gefco-150x150.jpg 150w\" sizes=\"auto, (max-width: 400px) 100vw, 400px\" \/><\/div><\/div>\t\t<\/div>\r\n\t<\/article>\r\n\t<article class=\"w-grid-item post-270 attachment type-attachment status-inherit hentry\" data-id=\"270\">\r\n\t\t<div class=\"w-grid-item-h\">\r\n\t\t\t\t\t\t<div class=\"w-hwrapper usg_hwrapper_1 align_left valign_middle\"><div class=\"w-post-elm post_image usg_post_image_1 stretched\"><img loading=\"lazy\" decoding=\"async\" width=\"2280\" height=\"682\" src=\"https:\/\/toslita.lt\/wp-content\/uploads\/2021\/07\/fiege.png\" class=\"attachment-full size-full\" alt=\"\" srcset=\"https:\/\/toslita.lt\/wp-content\/uploads\/2021\/07\/fiege.png 2280w, https:\/\/toslita.lt\/wp-content\/uploads\/2021\/07\/fiege-300x90.png 300w, https:\/\/toslita.lt\/wp-content\/uploads\/2021\/07\/fiege-1024x306.png 1024w, https:\/\/toslita.lt\/wp-content\/uploads\/2021\/07\/fiege-720x215.png 720w\" sizes=\"auto, (max-width: 2280px) 100vw, 2280px\" \/><\/div><\/div>\t\t<\/div>\r\n\t<\/article>\r\n\t<article class=\"w-grid-item post-269 attachment type-attachment status-inherit hentry\" data-id=\"269\">\r\n\t\t<div class=\"w-grid-item-h\">\r\n\t\t\t\t\t\t<div class=\"w-hwrapper usg_hwrapper_1 align_left valign_middle\"><div class=\"w-post-elm post_image usg_post_image_1 stretched\"><img loading=\"lazy\" decoding=\"async\" width=\"1024\" height=\"355\" src=\"https:\/\/toslita.lt\/wp-content\/uploads\/2021\/07\/Fercam.jpg\" class=\"attachment-full size-full\" alt=\"\" srcset=\"https:\/\/toslita.lt\/wp-content\/uploads\/2021\/07\/Fercam.jpg 1024w, https:\/\/toslita.lt\/wp-content\/uploads\/2021\/07\/Fercam-300x104.jpg 300w, https:\/\/toslita.lt\/wp-content\/uploads\/2021\/07\/Fercam-720x250.jpg 720w\" sizes=\"auto, (max-width: 1024px) 100vw, 1024px\" \/><\/div><\/div>\t\t<\/div>\r\n\t<\/article>\r\n\t<article class=\"w-grid-item post-286 attachment type-attachment status-inherit hentry\" data-id=\"286\">\r\n\t\t<div class=\"w-grid-item-h\">\r\n\t\t\t\t\t\t<div class=\"w-hwrapper usg_hwrapper_1 align_left valign_middle\"><div class=\"w-post-elm post_image usg_post_image_1 stretched\"><img loading=\"lazy\" decoding=\"async\" width=\"300\" height=\"279\" src=\"https:\/\/toslita.lt\/wp-content\/uploads\/2021\/07\/geis-partner.png\" class=\"attachment-full size-full\" alt=\"\" \/><\/div><\/div>\t\t<\/div>\r\n\t<\/article>\r\n\t<article class=\"w-grid-item post-285 attachment type-attachment status-inherit hentry\" data-id=\"285\">\r\n\t\t<div class=\"w-grid-item-h\">\r\n\t\t\t\t\t\t<div class=\"w-hwrapper usg_hwrapper_1 align_left valign_middle\"><div class=\"w-post-elm post_image usg_post_image_1 stretched\"><img loading=\"lazy\" decoding=\"async\" width=\"340\" height=\"303\" src=\"https:\/\/toslita.lt\/wp-content\/uploads\/2021\/07\/neufra-partner.png\" class=\"attachment-full size-full\" alt=\"\" srcset=\"https:\/\/toslita.lt\/wp-content\/uploads\/2021\/07\/neufra-partner.png 340w, https:\/\/toslita.lt\/wp-content\/uploads\/2021\/07\/neufra-partner-300x267.png 300w\" sizes=\"auto, (max-width: 340px) 100vw, 340px\" \/><\/div><\/div>\t\t<\/div>\r\n\t<\/article>\r\n<\/div><div class=\"g-preloader type_4\">\r\n\t<div><\/div>\r\n<\/div>\r\n\t<div class=\"w-grid-json hidden\" onclick='return {&quot;action&quot;:&quot;us_ajax_grid&quot;,&quot;ajax_url&quot;:&quot;https:\\\/\\\/toslita.lt\\\/wp-admin\\\/admin-ajax.php&quot;,&quot;infinite_scroll&quot;:0,&quot;max_num_pages&quot;:1,&quot;pagination&quot;:&quot;none&quot;,&quot;permalink_url&quot;:&quot;https:\\\/\\\/toslita.lt\\\/lt\\\/wp-json\\\/wp\\\/v2\\\/pages\\\/9\\\/&quot;,&quot;template_vars&quot;:{&quot;columns&quot;:&quot;5&quot;,&quot;exclude_items&quot;:&quot;none&quot;,&quot;img_size&quot;:&quot;default&quot;,&quot;ignore_items_size&quot;:false,&quot;items_layout&quot;:&quot;265&quot;,&quot;items_offset&quot;:&quot;1&quot;,&quot;load_animation&quot;:&quot;none&quot;,&quot;overriding_link&quot;:&quot;none&quot;,&quot;post_id&quot;:9,&quot;query_args&quot;:{&quot;post_type&quot;:[&quot;attachment&quot;],&quot;post__in&quot;:[&quot;267&quot;,&quot;292&quot;,&quot;278&quot;,&quot;273&quot;,&quot;277&quot;,&quot;274&quot;,&quot;275&quot;,&quot;271&quot;,&quot;270&quot;,&quot;269&quot;,&quot;286&quot;,&quot;285&quot;],&quot;post_status&quot;:&quot;inherit&quot;,&quot;post_mime_type&quot;:&quot;image&quot;,&quot;posts_per_page&quot;:999},&quot;orderby_query_args&quot;:{&quot;orderby&quot;:{&quot;post__in&quot;:&quot;ASC&quot;},&quot;order&quot;:&quot;ASC&quot;},&quot;type&quot;:&quot;carousel&quot;,&quot;us_grid_ajax_index&quot;:1,&quot;us_grid_filter_params&quot;:null,&quot;us_grid_index&quot;:1,&quot;_us_grid_post_type&quot;:&quot;attachment&quot;,&quot;lang&quot;:&quot;lt&quot;},&quot;carousel_settings&quot;:{&quot;autoHeight&quot;:0,&quot;autoplay&quot;:1,&quot;carousel_fade&quot;:0,&quot;center&quot;:0,&quot;dots&quot;:0,&quot;items&quot;:&quot;5&quot;,&quot;loop&quot;:true,&quot;nav&quot;:1,&quot;slideby&quot;:&quot;1&quot;,&quot;smooth_play&quot;:0,&quot;speed&quot;:250,&quot;timeout&quot;:3000,&quot;transition&quot;:&quot;&quot;},&quot;carousel_breakpoints&quot;:{&quot;1200&quot;:{&quot;items&quot;:5},&quot;900&quot;:{&quot;autoHeight&quot;:0,&quot;autoplay&quot;:1,&quot;autoplayHoverPause&quot;:1,&quot;items&quot;:3,&quot;loop&quot;:true},&quot;600&quot;:{&quot;autoHeight&quot;:0,&quot;autoplay&quot;:1,&quot;autoplayHoverPause&quot;:1,&quot;items&quot;:3,&quot;loop&quot;:true},&quot;0&quot;:{&quot;autoHeight&quot;:0,&quot;autoplay&quot;:1,&quot;autoplayHoverPause&quot;:1,&quot;items&quot;:2,&quot;loop&quot;:true}}}'><\/div>\r\n\t<\/div><div class=\"w-separator size_custom\" style=\"height:10px\"><\/div><\/div><\/div><\/div><\/div><\/div><\/section>\n","protected":false},"excerpt":{"rendered":"","protected":false},"author":1,"featured_media":0,"parent":0,"menu_order":0,"comment_status":"closed","ping_status":"closed","template":"","meta":{"_acf_changed":false,"footnotes":""},"class_list":["post-9","page","type-page","status-publish","hentry"],"acf":[],"_links":{"self":[{"href":"https:\/\/toslita.lt\/lt\/wp-json\/wp\/v2\/pages\/9","targetHints":{"allow":["GET"]}}],"collection":[{"href":"https:\/\/toslita.lt\/lt\/wp-json\/wp\/v2\/pages"}],"about":[{"href":"https:\/\/toslita.lt\/lt\/wp-json\/wp\/v2\/types\/page"}],"author":[{"embeddable":true,"href":"https:\/\/toslita.lt\/lt\/wp-json\/wp\/v2\/users\/1"}],"replies":[{"embeddable":true,"href":"https:\/\/toslita.lt\/lt\/wp-json\/wp\/v2\/comments?post=9"}],"version-history":[{"count":220,"href":"https:\/\/toslita.lt\/lt\/wp-json\/wp\/v2\/pages\/9\/revisions"}],"predecessor-version":[{"id":358,"href":"https:\/\/toslita.lt\/lt\/wp-json\/wp\/v2\/pages\/9\/revisions\/358"}],"wp:attachment":[{"href":"https:\/\/toslita.lt\/lt\/wp-json\/wp\/v2\/media?parent=9"}],"curies":[{"name":"wp","href":"https:\/\/api.w.org\/{rel}","templated":true}]}}